{"id":340,"date":"2022-02-13T18:22:07","date_gmt":"2022-02-13T18:22:07","guid":{"rendered":"https:\/\/demo.divi-pixel.com\/construction\/?page_id=340"},"modified":"2025-04-08T09:06:35","modified_gmt":"2025-04-08T09:06:35","slug":"blog-archive","status":"publish","type":"page","link":"https:\/\/oto-teatr.tv\/en\/blog-archive\/","title":{"rendered":"Blog Archive"},"content":{"rendered":"<p>[et_pb_section fb_built=&#8221;1&#8243; custom_padding_last_edited=&#8221;on|phone&#8221; next_background_color=&#8221;#ffffff&#8221; _builder_version=&#8221;4.17.6&#8243; _module_preset=&#8221;default&#8221; background_image=&#8221;https:\/\/oto-teatr.tv\/wp-content\/uploads\/2022\/07\/oto-bg-013.jpg&#8221; parallax=&#8221;on&#8221; parallax_method=&#8221;off&#8221; custom_margin_tablet=&#8221;&#8221; custom_margin_phone=&#8221;&#8221; custom_margin_last_edited=&#8221;on|tablet&#8221; custom_padding=&#8221;40px||40px||true|&#8221; custom_padding_tablet=&#8221;0px||50px||false|false&#8221; custom_padding_phone=&#8221;0px||30px||false|false&#8221; bottom_divider_style=&#8221;arrow2&#8243; locked=&#8221;off&#8221; global_colors_info=&#8221;{}&#8221;][et_pb_row _builder_version=&#8221;4.16&#8243; _module_preset=&#8221;default&#8221; global_colors_info=&#8221;{}&#8221;][et_pb_column type=&#8221;4_4&#8243; _builder_version=&#8221;4.16&#8243; _module_preset=&#8221;default&#8221; global_colors_info=&#8221;{}&#8221;][et_pb_text _builder_version=&#8221;4.17.6&#8243; _module_preset=&#8221;default&#8221; text_font=&#8221;Poppins|||on|||||&#8221; text_text_color=&#8221;#FE5E15&#8243; text_letter_spacing=&#8221;3px&#8221; text_orientation=&#8221;center&#8221; custom_margin=&#8221;||0px||false|false&#8221; locked=&#8221;off&#8221; global_colors_info=&#8221;{}&#8221;]<\/p>\n<p>We care about the best theater equipment<\/p>\n<p>[\/et_pb_text][et_pb_text _builder_version=&#8221;4.17.6&#8243; _module_preset=&#8221;default&#8221; header_font=&#8221;Poppins|700|||||||&#8221; header_text_align=&#8221;center&#8221; header_text_color=&#8221;#FFFFFF&#8221; header_font_size=&#8221;80px&#8221; header_letter_spacing=&#8221;3px&#8221; header_line_height=&#8221;1.4em&#8221; max_width=&#8221;70%&#8221; max_width_tablet=&#8221;100%&#8221; max_width_phone=&#8221;100%&#8221; max_width_last_edited=&#8221;on|tablet&#8221; module_alignment=&#8221;center&#8221; custom_margin=&#8221;||||false|false&#8221; header_font_size_tablet=&#8221;50px&#8221; header_font_size_phone=&#8221;40px&#8221; header_font_size_last_edited=&#8221;on|phone&#8221; locked=&#8221;off&#8221; global_colors_info=&#8221;{}&#8221;]<\/p>\n<h1>News<\/h1>\n<p>[\/et_pb_text][dipi_breadcrumbs bc_home_icon=&#8221;on&#8221; bc_home_color=&#8221;#ff4200&#8243; bc_items_alignment=&#8221;dipi-bc-center&#8221; bc_separator_size=&#8221;20px&#8221; bc_separator_color=&#8221;#ffffff&#8221; bc_separator_space=&#8221;0px&#8221; bc_item_bg_color=&#8221;#ffffff&#8221; bc_item_padding=&#8221;7px|18px|7px|18px|true|true&#8221; bc_active_item_color=&#8221;#15022a&#8221; bc_active_item_padding=&#8221;8px|20px|8px|20px|true|false&#8221; bc_hover_item_bg_color=&#8221;#ff4200&#8243; disabled_on=&#8221;on|off|off&#8221; _builder_version=&#8221;4.17.6&#8243; items_font=&#8221;Poppins|600|||||||&#8221; items_text_color=&#8221;#15022a&#8221; hover_text_color=&#8221;#ffffff&#8221; active_font=&#8221;Poppins|600|||||||&#8221; active_text_color=&#8221;#ffffff&#8221; width=&#8221;100%&#8221; max_width=&#8221;1100px&#8221; module_alignment=&#8221;left&#8221; custom_margin=&#8221;40px||20px||false|false&#8221; custom_margin_tablet=&#8221;25px|0px|-25px|0px|false|false&#8221; custom_margin_phone=&#8221;25px|0px|-25px|0px|false|false&#8221; custom_margin_last_edited=&#8221;on|phone&#8221; custom_padding=&#8221;|||30px|false|false&#8221; custom_padding_tablet=&#8221;|||30px|false|false&#8221; custom_padding_phone=&#8221;|||0px|false|false&#8221; custom_padding_last_edited=&#8221;on|phone&#8221; active_font_size_tablet=&#8221;12px&#8221; active_font_size_phone=&#8221;12px&#8221; active_font_size_last_edited=&#8221;on|phone&#8221; border_radii_items=&#8221;on|100px|100px|100px|100px&#8221; border_radii_active=&#8221;on|100px|100px|100px|100px&#8221; box_shadow_style_items=&#8221;preset1&#8243; box_shadow_style_hover=&#8221;preset3&#8243; box_shadow_style_active=&#8221;preset1&#8243; locked=&#8221;off&#8221; global_colors_info=&#8221;{}&#8221;][\/dipi_breadcrumbs][\/et_pb_column][\/et_pb_row][\/et_pb_section][et_pb_section fb_built=&#8221;1&#8243; _builder_version=&#8221;4.16&#8243; _module_preset=&#8221;default&#8221; custom_padding=&#8221;40px|||||&#8221; global_colors_info=&#8221;{}&#8221;][et_pb_row _builder_version=&#8221;4.16&#8243; _module_preset=&#8221;default&#8221; custom_padding=&#8221;35px|||||&#8221; global_colors_info=&#8221;{}&#8221;][et_pb_column type=&#8221;4_4&#8243; _builder_version=&#8221;4.16&#8243; _module_preset=&#8221;default&#8221; global_colors_info=&#8221;{}&#8221;][et_pb_blog posts_number=&#8221;20&#8243; include_categories=&#8221;all&#8221; show_more=&#8221;on&#8221; module_class=&#8221;dipi-styled-blog&#8221; _builder_version=&#8221;4.18.0&#8243; _module_preset=&#8221;default&#8221; pagination_font=&#8221;|700||on|||||&#8221; pagination_letter_spacing=&#8221;1px&#8221; hover_enabled=&#8221;0&#8243; global_colors_info=&#8221;{}&#8221; sticky_enabled=&#8221;0&#8243;][\/et_pb_blog][\/et_pb_column][\/et_pb_row][\/et_pb_section]<\/p>","protected":false},"excerpt":{"rendered":"<p>Dbamy o najlepsze wyposa\u017cenie teatr\u00f3wAktualno\u015bci<div class=\"et_pb_module dipi_breadcrumbs dipi_breadcrumbs_0\">\n\t\t\t\t\n\t\t\t\t\n\t\t\t\t\n\t\t\t\t\n\t\t\t\t\n\t\t\t\t\n\t\t\t\t<div class=\"et_pb_module_inner\">\n\t\t\t\t\t<div class=\"dipi-breadcrumbs dipi-bc-center\">\n                <ul >\n                    \n                                                        <li  class=\"dipi-breadcrumb-item dipi-breadcrumb-home\">\n\n                                                    <a  href=\"https:\/\/oto-teatr.tv\/en\">\n                                <span  content=\"Home\">\n                                    <span class=\"et-pb-icon dipi-home-icon\"><\/span>                                    OTO-TEATR.TV                                <\/span>\n                            <\/a>\n\n                                                <meta itemprop=\"position\" content=\"1\"\/>                    <\/li>\n\n                    <li class=\"dipi-breadcrumb-separator\">\n                    <span class=\"et-pb-icon dipi-separator-icon\">$<\/span>\n                <\/li>                            \n                <\/ul>\n            <\/div>\n\t\t\t\t<\/div>\n\t\t\t<\/div><\/p>","protected":false},"author":1,"featured_media":0,"parent":0,"menu_order":0,"comment_status":"closed","ping_status":"closed","template":"","meta":{"_et_pb_use_builder":"on","_et_pb_old_content":"","_et_gb_content_width":"","footnotes":""},"dipi_cpt_category":[],"class_list":["post-340","page","type-page","status-publish","hentry"],"_links":{"self":[{"href":"https:\/\/oto-teatr.tv\/en\/wp-json\/wp\/v2\/pages\/340","targetHints":{"allow":["GET"]}}],"collection":[{"href":"https:\/\/oto-teatr.tv\/en\/wp-json\/wp\/v2\/pages"}],"about":[{"href":"https:\/\/oto-teatr.tv\/en\/wp-json\/wp\/v2\/types\/page"}],"author":[{"embeddable":true,"href":"https:\/\/oto-teatr.tv\/en\/wp-json\/wp\/v2\/users\/1"}],"replies":[{"embeddable":true,"href":"https:\/\/oto-teatr.tv\/en\/wp-json\/wp\/v2\/comments?post=340"}],"version-history":[{"count":7,"href":"https:\/\/oto-teatr.tv\/en\/wp-json\/wp\/v2\/pages\/340\/revisions"}],"predecessor-version":[{"id":16252626,"href":"https:\/\/oto-teatr.tv\/en\/wp-json\/wp\/v2\/pages\/340\/revisions\/16252626"}],"wp:attachment":[{"href":"https:\/\/oto-teatr.tv\/en\/wp-json\/wp\/v2\/media?parent=340"}],"wp:term":[{"taxonomy":"dipi_cpt_category","embeddable":true,"href":"https:\/\/oto-teatr.tv\/en\/wp-json\/wp\/v2\/dipi_cpt_category?post=340"}],"curies":[{"name":"wp","href":"https:\/\/api.w.org\/{rel}","templated":true}]}}