{"id":3,"date":"2022-07-15T03:49:56","date_gmt":"2022-07-15T03:49:56","guid":{"rendered":"https:\/\/creativeillusions.com.au\/?page_id=3"},"modified":"2025-04-27T20:31:02","modified_gmt":"2025-04-27T20:31:02","slug":"privacy-policy","status":"publish","type":"page","link":"https:\/\/oto-teatr.tv\/en\/privacy-policy\/","title":{"rendered":"Privacy Policy"},"content":{"rendered":"<p>[et_pb_section fb_built=&#8221;1&#8243; custom_padding_last_edited=&#8221;on|phone&#8221; next_background_color=&#8221;#ffffff&#8221; _builder_version=&#8221;4.17.6&#8243; _module_preset=&#8221;default&#8221; background_image=&#8221;https:\/\/oto-teatr.tv\/wp-content\/uploads\/2022\/07\/oto-bg-013.jpg&#8221; parallax=&#8221;on&#8221; parallax_method=&#8221;off&#8221; custom_margin_tablet=&#8221;&#8221; custom_margin_phone=&#8221;&#8221; custom_margin_last_edited=&#8221;on|tablet&#8221; custom_padding=&#8221;20px||20px||true|false&#8221; custom_padding_tablet=&#8221;0px||50px||false|false&#8221; custom_padding_phone=&#8221;0px||30px||false|false&#8221; bottom_divider_style=&#8221;arrow2&#8243; locked=&#8221;off&#8221; global_colors_info=&#8221;{}&#8221;][et_pb_row _builder_version=&#8221;4.17.6&#8243; _module_preset=&#8221;default&#8221; global_colors_info=&#8221;{}&#8221;][et_pb_column type=&#8221;4_4&#8243; _builder_version=&#8221;4.16&#8243; _module_preset=&#8221;default&#8221; global_colors_info=&#8221;{}&#8221;][et_pb_text _builder_version=&#8221;4.17.6&#8243; _module_preset=&#8221;default&#8221; text_font=&#8221;Poppins|||on|||||&#8221; text_text_color=&#8221;#FE5E15&#8243; text_letter_spacing=&#8221;3px&#8221; text_orientation=&#8221;center&#8221; custom_margin=&#8221;||0px||false|false&#8221; locked=&#8221;off&#8221; global_colors_info=&#8221;{}&#8221;]<\/p>\n<p>OTO-TEATR.TV<\/p>\n<p>[\/et_pb_text][et_pb_text _builder_version=&#8221;4.17.6&#8243; _module_preset=&#8221;default&#8221; header_font=&#8221;Poppins|700|||||||&#8221; header_text_align=&#8221;center&#8221; header_text_color=&#8221;#FFFFFF&#8221; header_font_size=&#8221;80px&#8221; header_letter_spacing=&#8221;3px&#8221; header_line_height=&#8221;1.4em&#8221; max_width=&#8221;70%&#8221; max_width_tablet=&#8221;100%&#8221; max_width_phone=&#8221;100%&#8221; max_width_last_edited=&#8221;on|tablet&#8221; module_alignment=&#8221;center&#8221; custom_margin=&#8221;||||false|false&#8221; header_font_size_tablet=&#8221;50px&#8221; header_font_size_phone=&#8221;40px&#8221; header_font_size_last_edited=&#8221;on|phone&#8221; locked=&#8221;off&#8221; global_colors_info=&#8221;{}&#8221;]<\/p>\n<h1>Privacy Policy<\/h1>\n<p>[\/et_pb_text][dipi_breadcrumbs bc_home_icon=&#8221;on&#8221; bc_home_color=&#8221;#ff4200&#8243; bc_items_alignment=&#8221;dipi-bc-center&#8221; bc_separator_size=&#8221;20px&#8221; bc_separator_color=&#8221;#ffffff&#8221; bc_separator_space=&#8221;0px&#8221; bc_item_bg_color=&#8221;#ffffff&#8221; bc_item_padding=&#8221;7px|18px|7px|18px|true|true&#8221; bc_active_item_color=&#8221;#15022a&#8221; bc_active_item_padding=&#8221;8px|20px|8px|20px|true|false&#8221; bc_hover_item_bg_color=&#8221;#ff4200&#8243; disabled_on=&#8221;on|off|off&#8221; _builder_version=&#8221;4.17.6&#8243; items_font=&#8221;Poppins|600|||||||&#8221; items_text_color=&#8221;#15022a&#8221; hover_text_color=&#8221;#ffffff&#8221; active_font=&#8221;Poppins|600|||||||&#8221; active_text_color=&#8221;#ffffff&#8221; width=&#8221;100%&#8221; max_width=&#8221;1100px&#8221; module_alignment=&#8221;left&#8221; custom_margin=&#8221;40px||20px||false|false&#8221; custom_margin_tablet=&#8221;25px|0px|-25px|0px|false|false&#8221; custom_margin_phone=&#8221;25px|0px|-25px|0px|false|false&#8221; custom_margin_last_edited=&#8221;on|phone&#8221; custom_padding=&#8221;|||30px|false|false&#8221; custom_padding_tablet=&#8221;|||30px|false|false&#8221; custom_padding_phone=&#8221;|||0px|false|false&#8221; custom_padding_last_edited=&#8221;on|phone&#8221; active_font_size_tablet=&#8221;12px&#8221; active_font_size_phone=&#8221;12px&#8221; active_font_size_last_edited=&#8221;on|phone&#8221; border_radii_items=&#8221;on|100px|100px|100px|100px&#8221; border_radii_active=&#8221;on|100px|100px|100px|100px&#8221; box_shadow_style_items=&#8221;preset1&#8243; box_shadow_style_hover=&#8221;preset3&#8243; box_shadow_style_active=&#8221;preset1&#8243; locked=&#8221;off&#8221; global_colors_info=&#8221;{}&#8221;][\/dipi_breadcrumbs][\/et_pb_column][\/et_pb_row][\/et_pb_section][et_pb_section fb_built=&#8221;1&#8243; admin_label=&#8221;Approach&#8221; _builder_version=&#8221;4.18.0&#8243; custom_margin=&#8221;||45px|||&#8221; custom_padding=&#8221;24px|0px|45px|0px|false|false&#8221; bottom_divider_flip=&#8221;horizontal&#8221; locked=&#8221;off&#8221; global_colors_info=&#8221;{}&#8221;][et_pb_row _builder_version=&#8221;4.17.6&#8243; max_width=&#8221;1080px&#8221; custom_padding=&#8221;10px|||||&#8221; global_colors_info=&#8221;{}&#8221;][et_pb_column type=&#8221;4_4&#8243; _builder_version=&#8221;4.16&#8243; custom_padding=&#8221;|||&#8221; global_colors_info=&#8221;{}&#8221; custom_padding__hover=&#8221;|||&#8221;][et_pb_tabs _builder_version=&#8221;4.18.0&#8243; _module_preset=&#8221;default&#8221; tab_font_size=&#8221;17px&#8221; tab_letter_spacing=&#8221;1px&#8221; tab_line_height=&#8221;2em&#8221; custom_padding=&#8221;54px|80px|54px|80px|true|true&#8221; box_shadow_style=&#8221;preset1&#8243; global_colors_info=&#8221;{}&#8221;][et_pb_tab title=&#8221;PO POLSKU&#8221; _builder_version=&#8221;4.18.0&#8243; _module_preset=&#8221;default&#8221; body_font=&#8221;Karla||||||||&#8221; body_text_align=&#8221;justify&#8221; body_text_color=&#8221;#000000&#8243; body_font_size=&#8221;18px&#8221; body_line_height=&#8221;1.71em&#8221; custom_padding=&#8221;||70px||false|false&#8221; global_colors_info=&#8221;{}&#8221;]<\/p>\n<h2><strong>Kim jeste\u015bmy<\/strong><\/h2>\n<p>Adres naszej strony internetowej to: https:\/\/oto-teatr.tv<\/p>\n<h2><strong>Uwagi<\/strong><\/h2>\n<p>Kiedy odwiedzaj\u0105cy zostawiaj\u0105 komentarze na stronie, zbieramy dane widoczne w formularzu komentarzy, a tak\u017ce adres IP odwiedzaj\u0105cego i ci\u0105g agenta u\u017cytkownika przegl\u0105darki, aby u\u0142atwi\u0107 wykrywanie spamu.<\/p>\n<p>Anonimowy ci\u0105g utworzony z Twojego adresu e-mail (zwany r\u00f3wnie\u017c hashem) mo\u017ce zosta\u0107 przekazany do us\u0142ugi Gravatar, aby sprawdzi\u0107, czy z niej korzystasz. Polityka prywatno\u015bci us\u0142ugi Gravatar jest dost\u0119pna tutaj: https:\/\/automattic.com\/privacy\/. Po zatwierdzeniu Twojego komentarza, Twoje zdj\u0119cie profilowe jest widoczne publicznie w kontek\u015bcie Twojego komentarza.<\/p>\n<h2><strong>Media<\/strong><\/h2>\n<p>Je\u015bli przesy\u0142asz obrazy na stron\u0119 internetow\u0105, powiniene\u015b unika\u0107 przesy\u0142ania obraz\u00f3w z do\u0142\u0105czonymi osadzonymi danymi o lokalizacji (EXIF GPS). Osoby odwiedzaj\u0105ce stron\u0119 internetow\u0105 mog\u0105 pobra\u0107 i wyodr\u0119bni\u0107 wszelkie dane dotycz\u0105ce lokalizacji z obraz\u00f3w znajduj\u0105cych si\u0119 na stronie internetowej.<\/p>\n<h2><strong>Pliki cookie<\/strong><\/h2>\n<p>Je\u015bli zostawiasz komentarz na naszej stronie, mo\u017cesz wyrazi\u0107 zgod\u0119 na zapisanie Twojego imienia, adresu e-mail i strony internetowej w plikach cookies. Jest to dla Twojej wygody, aby\u015b nie musia\u0142 ponownie wpisywa\u0107 swoich danych, gdy zostawisz kolejny komentarz. Te pliki cookie b\u0119d\u0105 dzia\u0142a\u0107 przez rok.<\/p>\n<p>Je\u015bli odwiedzisz nasz\u0105 stron\u0119 logowania, ustawimy tymczasowy plik cookie, aby okre\u015bli\u0107, czy Twoja przegl\u0105darka akceptuje pliki cookie. Ten plik cookie nie zawiera \u017cadnych danych osobowych i jest usuwany po zamkni\u0119ciu przegl\u0105darki.<\/p>\n<p>Po zalogowaniu si\u0119 ustawimy r\u00f3wnie\u017c kilka plik\u00f3w cookie, aby zapisa\u0107 informacje o logowaniu i wyborze sposobu wy\u015bwietlania ekranu. Pliki cookie logowania dzia\u0142aj\u0105 przez dwa dni, a pliki cookie opcji ekranu przez rok. Je\u015bli wybierzesz opcj\u0119 &#8222;Zapami\u0119taj mnie&#8221;, Tw\u00f3j login b\u0119dzie utrzymany przez dwa tygodnie. Je\u015bli wylogujesz si\u0119 z konta, pliki cookie logowania zostan\u0105 usuni\u0119te.<\/p>\n<p>Je\u015bli edytujesz lub publikujesz artyku\u0142, w Twojej przegl\u0105darce zostanie zapisany dodatkowy plik cookie. Ten plik cookie nie zawiera \u017cadnych danych osobowych i wskazuje po prostu post ID artyku\u0142u, kt\u00f3ry w\u0142a\u015bnie edytowa\u0142e\u015b. Wygasa on po 1 dniu.<\/p>\n<h2><strong>Klauzula informacyjna RODO<br \/><\/strong><\/h2>\n<p><strong>Zgodnie z art. 13 ust. 1 i ust. 2 og\u00f3lnego rozporz\u0105dzenia o ochranie danych osobowych z dnia 27 kwietnia 2016 r. informuj\u0119, i\u017c<\/strong>:<br \/>1\/\u00a0 Administratorem danych osobowych wskazanych na Fakturze jest Przedsi\u0119biorstwo Projektowo-Us\u0142ugowe OTO Tomasz Ostrowski z siedzib\u0105 przy Arkadowej 3 w Warszawie (kod pocztowy: 02-787) reprezentowany przez Tomasza Ostrowskiego , tel.: +48 601 236 825, adres e-mail: tomasz.oto@gmail.pl<br \/>2\/ Wyznaczony zosta\u0142 inspektor ochrony danych, z kt\u00f3rym mo\u017cna si\u0119 skontaktowa\u0107 w sprawach ochrony swoich danych osobowych pod adresem e-mail: tomasz.oto@gmail.pl lub pisemnie na adres siedziby Administratora wskazany powy\u017cej.<br \/>3\/ Celem zbierania danych jest wystawienie faktury zgodnie z Art. 106e pkt.1 ustawy z dnia 11.03.2004r. o podatku od towar\u00f3w i us\u0142ug na podstawie art. 6 ust 1 pkt c . og\u00f3lnego rozporz\u0105dzenia o ochronie danych osobowych z dnia 27 kwietnia 2016 r.<br \/>4\/\u00a0 Przys\u0142uguje Pani\/Panu prawo dost\u0119pu do tre\u015bci danych oraz ich sprostowania, usuni\u0119cia lub ograniczenia przetwarzania, a tak\u017ce prawo sprzeciwu, za\u017c\u0105dania zaprzestania przetwarzania i przenoszenia danych, jak r\u00f3wnie\u017c prawo do cofni\u0119cia zgody w dowolnym momencie oraz prawo do wniesienia skargi do organu nadzorczego tj.: Prezes Urz\u0119du Ochrony Danych Osobowych.<br \/>5\/ Podanie danych jest dobrowolne, lecz niezb\u0119dne do wystawienia faktury VAT. W przypadku niepodania danych nie b\u0119dzie mo\u017cliwe wystawienie faktury VAT.<br \/>6\/\u00a0 Dane udost\u0119pnione przez Pani\u0105\/Pana mog\u0105 zosta\u0107 udost\u0119pnione odpowiednim organom kontroli zgodnie z przepisami prawa oraz w przypadku wyra\u017cenia woli otrzymania faktury w formie korespondencyjnej Pana\/Pani dane b\u0119d\u0105 udost\u0119pnienie Poczcie Polskiej S.A. w zakresie niezb\u0119dnym do zaadresowania korespondencji.<br \/>7\/\u00a0 Dane udost\u0119pnione przez Pani\u0105\/Pana nie b\u0119d\u0105 podlega\u0142y profilowaniu.<br \/>8\/ Administrator danych nie ma zamiaru przekazywa\u0107 danych osobowych do pa\u0144stwa trzeciego lub organizacji mi\u0119dzynarodowej.<br \/>9\/ Dane osobowe b\u0119d\u0105 przechowywane przez okres wynikaj\u0105cy z art. 112 ustawy o podatku od towar\u00f3w i us\u0142ug oraz art. 70 \u00a71 Ordynacji podatkowej a nast\u0119pnie b\u0119d\u0105 archiwizowane.<br \/>10\/ Otrzymanie faktury jest r\u00f3wnoznaczne z przyj\u0119ciem do wiadomo\u015bci powy\u017cszych zapis\u00f3w<\/p>\n<p>[\/et_pb_tab][et_pb_tab title=&#8221;IN ENGLISH&#8221; _builder_version=&#8221;4.18.0&#8243; _module_preset=&#8221;default&#8221; body_font=&#8221;Karla||||||||&#8221; body_text_align=&#8221;justify&#8221; body_text_color=&#8221;#000000&#8243; body_font_size=&#8221;18px&#8221; body_line_height=&#8221;1.71em&#8221; custom_padding=&#8221;||70px||false|false&#8221; global_colors_info=&#8221;{}&#8221;]<\/p>\n<h2><strong>Who we are<\/strong><\/h2>\n<p>Our website address is: https:\/\/oto-teatr.tv<\/p>\n<h2><strong>Comments<\/strong><\/h2>\n<p>When visitors leave comments on the site, we collect the data visible in the comment form, as well as the visitor&#8217;s IP address and browser user agent string to help detect spam.<\/p>\n<p>The anonymous string created from your email address (also known as a hash) can be passed to the Gravatar service to see if you are using it. The Gravatar service&#8217;s privacy policy is available here: https:\/\/automattic.com\/privacy\/. Once your comment is approved, your profile picture is publicly visible in the context of your comment.<\/p>\n<h2><strong>Media<\/strong><\/h2>\n<p>If you upload images to a website, you should avoid uploading images with embedded location data (EXIF GPS) attached. Website visitors can download and extract any location data from the images on the website.<\/p>\n<h2><strong>Cookies<\/strong><\/h2>\n<p>If you leave a comment on our site, you may give us permission to save your name, email address and website in cookies. This is for your convenience so that you don&#8217;t have to re-enter your information when you leave another comment. These cookies will last for one year.<\/p>\n<p>If you visit our login page, we will set a temporary cookie to determine if your browser accepts cookies. This cookie does not contain any personal information and is deleted when you close your browser.<\/p>\n<p>When you log in, we will also set some cookies to save your login information and screen choices. The login cookies last for two days, and the screen option cookies last for one year. If you choose the &#8222;Remember Me&#8221; option, your login will be maintained for two weeks. If you log out of your account, your login cookies will be deleted.<\/p>\n<p>If you edit or publish an article, an additional cookie will be stored in your browser. This cookie does not contain any personal information and simply indicates the post ID of the article you just edited. It expires after 1 day.<\/p>\n<h2><strong>RODO information clause<\/strong><\/h2>\n<p>In accordance with Article 13 (1) and (2) of the General Data Protection Regulation of April 27, 2016, I inform you that:<br \/>1\/ The administrator of the personal data indicated on the Invoice is Przedsi\u0119biorstwo Projektowo-Us\u0142ugowe OTO Tomasz Ostrowski with its registered office at Arkadowa 3 in Warsaw (postal code: 02-787) represented by Tomasz Ostrowski , phone: +48 601 236 825, e-mail address: tomasz.oto@gmail.pl<br \/>2\/ A data protection officer has been appointed, who can be contacted regarding the protection of your personal data at e-mail address: tomasz.oto@gmail.pl or in writing to the Administrator&#8217;s registered office address indicated above.<br \/>3\/ The purpose of data collection is to issue an invoice in accordance with Article 106e point 1 of the Law of 11.03.2004 on tax on goods and services on the basis of Article 6 paragraph 1 point c . of the General Data Protection Regulation of April 27, 2016.<br \/>4\/ You have the right to access the content of your data and to rectify, delete or restrict processing, as well as the right to object, to request the cessation of processing and data portability, as well as the right to withdraw consent at any time and the right to lodge a complaint to the supervisory authority, i.e.: President of the Office for Personal Data Protection.<br \/>5\/ Provision of data is voluntary, but necessary to issue a VAT invoice. If the data is not provided, it will not be possible to issue a VAT invoice.<br \/>6\/ The data provided by you may be made available to relevant control bodies in accordance with the provisions of the law, and in case you wish to receive the invoice by mail, your data will be made available to Poczta Polska S.A. to the extent necessary to address the correspondence.<br \/>7\/ The data provided by you will not be subject to profiling.<br \/>8\/ The data controller has no intention to transfer personal data to a third country or international organization.<br \/>9\/ Personal data will be kept for the period resulting from Article 112 of the Law on Value Added Tax and Article 70 \u00a71 of the Tax Ordinance and then archived.<br \/>10\/ Receipt of an invoice is tantamount to acknowledgment of the above provisions<\/p>\n<p>[\/et_pb_tab][\/et_pb_tabs][\/et_pb_column][\/et_pb_row][\/et_pb_section]<\/p>","protected":false},"excerpt":{"rendered":"<p>OTO-TEATR.TVPolityka Prywatno\u015bci<div class=\"et_pb_module dipi_breadcrumbs dipi_breadcrumbs_0\">\n\t\t\t\t\n\t\t\t\t\n\t\t\t\t\n\t\t\t\t\n\t\t\t\t\n\t\t\t\t\n\t\t\t\t<div class=\"et_pb_module_inner\">\n\t\t\t\t\t<div class=\"dipi-breadcrumbs dipi-bc-center\">\n                <ul >\n                    \n                                                        <li  class=\"dipi-breadcrumb-item dipi-breadcrumb-home\">\n\n                                                    <a  href=\"https:\/\/oto-teatr.tv\/en\">\n                                <span  content=\"Home\">\n                                    <span class=\"et-pb-icon dipi-home-icon\"><\/span>                                    OTO-TEATR.TV                                <\/span>\n                            <\/a>\n\n                                                <meta itemprop=\"position\" content=\"1\"\/>                    <\/li>\n\n                    <li class=\"dipi-breadcrumb-separator\">\n                    <span class=\"et-pb-icon dipi-separator-icon\">$<\/span>\n                <\/li>                            \n                <\/ul>\n            <\/div>\n\t\t\t\t<\/div>\n\t\t\t<\/div>Kim jeste\u015bmy Adres naszej strony internetowej to: https:\/\/oto-teatr.tv Uwagi Kiedy odwiedzaj\u0105cy zostawiaj\u0105 komentarze na stronie, [&hellip;]<\/p>","protected":false},"author":1,"featured_media":0,"parent":0,"menu_order":0,"comment_status":"closed","ping_status":"open","template":"","meta":{"_et_pb_use_builder":"on","_et_pb_old_content":"<!-- wp:heading -->\r\n<h2>Who we are<\/h2>\r\n<!-- \/wp:heading --><!-- wp:paragraph -->\r\n<p><strong class=\"privacy-policy-tutorial\">Suggested text: <\/strong>Our website address is: https:\/\/oto-teatr.tv.<\/p>\r\n<!-- \/wp:paragraph --><!-- wp:heading -->\r\n<h2>Comments<\/h2>\r\n<!-- \/wp:heading --><!-- wp:paragraph -->\r\n<p><strong class=\"privacy-policy-tutorial\">Suggested text: <\/strong>When visitors leave comments on the site we collect the data shown in the comments form, and also the visitor\u2019s IP address and browser user agent string to help spam detection.<\/p>\r\n<!-- \/wp:paragraph --><!-- wp:paragraph -->\r\n<p>An anonymized string created from your email address (also called a hash) may be provided to the Gravatar service to see if you are using it. The Gravatar service privacy policy is available here: https:\/\/automattic.com\/privacy\/. After approval of your comment, your profile picture is visible to the public in the context of your comment.<\/p>\r\n<!-- \/wp:paragraph --><!-- wp:heading -->\r\n<h2>Media<\/h2>\r\n<!-- \/wp:heading --><!-- wp:paragraph -->\r\n<p><strong class=\"privacy-policy-tutorial\">Suggested text: <\/strong>If you upload images to the website, you should avoid uploading images with embedded location data (EXIF GPS) included. Visitors to the website can download and extract any location data from images on the website.<\/p>\r\n<!-- \/wp:paragraph --><!-- wp:heading -->\r\n<h2>Cookies<\/h2>\r\n<!-- \/wp:heading --><!-- wp:paragraph -->\r\n<p><strong class=\"privacy-policy-tutorial\">Suggested text: <\/strong>If you leave a comment on our site you may opt-in to saving your name, email address and website in cookies. These are for your convenience so that you do not have to fill in your details again when you leave another comment. These cookies will last for one year.<\/p>\r\n<!-- \/wp:paragraph --><!-- wp:paragraph -->\r\n<p>If you visit our login page, we will set a temporary cookie to determine if your browser accepts cookies. This cookie contains no personal data and is discarded when you close your browser.<\/p>\r\n<!-- \/wp:paragraph --><!-- wp:paragraph -->\r\n<p>When you log in, we will also set up several cookies to save your login information and your screen display choices. Login cookies last for two days, and screen options cookies last for a year. If you select \"Remember Me\", your login will persist for two weeks. If you log out of your account, the login cookies will be removed.<\/p>\r\n<!-- \/wp:paragraph --><!-- wp:paragraph -->\r\n<p>If you edit or publish an article, an additional cookie will be saved in your browser. This cookie includes no personal data and simply indicates the post ID of the article you just edited. It expires after 1 day.<\/p>\r\n<!-- \/wp:paragraph --><!-- wp:heading -->\r\n<h2>Embedded content from other websites<\/h2>\r\n<!-- \/wp:heading --><!-- wp:paragraph -->\r\n<p><strong class=\"privacy-policy-tutorial\">Suggested text: <\/strong>Articles on this site may include embedded content (e.g. videos, images, articles, etc.). Embedded content from other websites behaves in the exact same way as if the visitor has visited the other website.<\/p>\r\n<!-- \/wp:paragraph --><!-- wp:paragraph -->\r\n<p>These websites may collect data about you, use cookies, embed additional third-party tracking, and monitor your interaction with that embedded content, including tracking your interaction with the embedded content if you have an account and are logged in to that website.<\/p>\r\n<!-- \/wp:paragraph --><!-- wp:heading -->\r\n<h2>Who we share your data with<\/h2>\r\n<!-- \/wp:heading --><!-- wp:paragraph -->\r\n<p><strong class=\"privacy-policy-tutorial\">Suggested text: <\/strong>If you request a password reset, your IP address will be included in the reset email.<\/p>\r\n<!-- \/wp:paragraph --><!-- wp:heading -->\r\n<h2>How long we retain your data<\/h2>\r\n<!-- \/wp:heading --><!-- wp:paragraph -->\r\n<p><strong class=\"privacy-policy-tutorial\">Suggested text: <\/strong>If you leave a comment, the comment and its metadata are retained indefinitely. This is so we can recognize and approve any follow-up comments automatically instead of holding them in a moderation queue.<\/p>\r\n<!-- \/wp:paragraph --><!-- wp:paragraph -->\r\n<p>For users that register on our website (if any), we also store the personal information they provide in their user profile. All users can see, edit, or delete their personal information at any time (except they cannot change their username). Website administrators can also see and edit that information.<\/p>\r\n<!-- \/wp:paragraph --><!-- wp:heading -->\r\n<h2>What rights you have over your data<\/h2>\r\n<!-- \/wp:heading --><!-- wp:paragraph -->\r\n<p><strong class=\"privacy-policy-tutorial\">Suggested text: <\/strong>If you have an account on this site, or have left comments, you can request to receive an exported file of the personal data we hold about you, including any data you have provided to us. You can also request that we erase any personal data we hold about you. This does not include any data we are obliged to keep for administrative, legal, or security purposes.<\/p>\r\n<!-- \/wp:paragraph --><!-- wp:heading -->\r\n<h2>Where your data is sent<\/h2>\r\n<!-- \/wp:heading --><!-- wp:paragraph -->\r\n<p><strong class=\"privacy-policy-tutorial\">Suggested text: <\/strong>Visitor comments may be checked through an automated spam detection service.<\/p>\r\n<!-- \/wp:paragraph -->","_et_gb_content_width":"","footnotes":""},"dipi_cpt_category":[],"class_list":["post-3","page","type-page","status-publish","hentry"],"_links":{"self":[{"href":"https:\/\/oto-teatr.tv\/en\/wp-json\/wp\/v2\/pages\/3","targetHints":{"allow":["GET"]}}],"collection":[{"href":"https:\/\/oto-teatr.tv\/en\/wp-json\/wp\/v2\/pages"}],"about":[{"href":"https:\/\/oto-teatr.tv\/en\/wp-json\/wp\/v2\/types\/page"}],"author":[{"embeddable":true,"href":"https:\/\/oto-teatr.tv\/en\/wp-json\/wp\/v2\/users\/1"}],"replies":[{"embeddable":true,"href":"https:\/\/oto-teatr.tv\/en\/wp-json\/wp\/v2\/comments?post=3"}],"version-history":[{"count":18,"href":"https:\/\/oto-teatr.tv\/en\/wp-json\/wp\/v2\/pages\/3\/revisions"}],"predecessor-version":[{"id":16252793,"href":"https:\/\/oto-teatr.tv\/en\/wp-json\/wp\/v2\/pages\/3\/revisions\/16252793"}],"wp:attachment":[{"href":"https:\/\/oto-teatr.tv\/en\/wp-json\/wp\/v2\/media?parent=3"}],"wp:term":[{"taxonomy":"dipi_cpt_category","embeddable":true,"href":"https:\/\/oto-teatr.tv\/en\/wp-json\/wp\/v2\/dipi_cpt_category?post=3"}],"curies":[{"name":"wp","href":"https:\/\/api.w.org\/{rel}","templated":true}]}}