{"id":16248429,"date":"2022-08-04T01:30:11","date_gmt":"2022-08-04T01:30:11","guid":{"rendered":"https:\/\/creativeillusions.com.au\/?page_id=16248429"},"modified":"2022-08-19T06:02:52","modified_gmt":"2022-08-19T06:02:52","slug":"akcesoria","status":"publish","type":"page","link":"https:\/\/oto-teatr.tv\/en\/wyposazenie\/akcesoria\/","title":{"rendered":"ACCESSORIES"},"content":{"rendered":"<p>[et_pb_section fb_built=&#8221;1&#8243; custom_padding_last_edited=&#8221;on|phone&#8221; next_background_color=&#8221;#ffffff&#8221; _builder_version=&#8221;4.17.6&#8243; _module_preset=&#8221;default&#8221; background_image=&#8221;https:\/\/oto-teatr.tv\/wp-content\/uploads\/2022\/07\/oto-bg-1001.jpg&#8221; parallax=&#8221;on&#8221; parallax_method=&#8221;off&#8221; custom_margin_tablet=&#8221;&#8221; custom_margin_phone=&#8221;&#8221; custom_margin_last_edited=&#8221;on|tablet&#8221; custom_padding=&#8221;40px||40px||true|&#8221; custom_padding_tablet=&#8221;0px||50px||false|false&#8221; custom_padding_phone=&#8221;0px||30px||false|false&#8221; bottom_divider_style=&#8221;arrow2&#8243; locked=&#8221;off&#8221; global_colors_info=&#8221;{}&#8221;][et_pb_row _builder_version=&#8221;4.16&#8243; _module_preset=&#8221;default&#8221; global_colors_info=&#8221;{}&#8221;][et_pb_column type=&#8221;4_4&#8243; _builder_version=&#8221;4.16&#8243; _module_preset=&#8221;default&#8221; global_colors_info=&#8221;{}&#8221;][et_pb_text _builder_version=&#8221;4.17.6&#8243; _module_preset=&#8221;default&#8221; text_font=&#8221;Poppins|||on|||||&#8221; text_text_color=&#8221;#FE5E15&#8243; text_letter_spacing=&#8221;3px&#8221; text_orientation=&#8221;center&#8221; custom_margin=&#8221;||0px||false|false&#8221; locked=&#8221;off&#8221; global_colors_info=&#8221;{}&#8221;]<\/p>\n<p>ACCESSORIES<\/p>\n<p>[\/et_pb_text][et_pb_text _builder_version=&#8221;4.17.6&#8243; _module_preset=&#8221;default&#8221; header_font=&#8221;Poppins|700|||||||&#8221; header_text_align=&#8221;center&#8221; header_text_color=&#8221;#FFFFFF&#8221; header_font_size=&#8221;50px&#8221; header_letter_spacing=&#8221;3px&#8221; header_line_height=&#8221;1.4em&#8221; max_width=&#8221;70%&#8221; max_width_tablet=&#8221;100%&#8221; max_width_phone=&#8221;100%&#8221; max_width_last_edited=&#8221;on|tablet&#8221; module_alignment=&#8221;center&#8221; custom_margin=&#8221;25px||||false|false&#8221; header_font_size_tablet=&#8221;50px&#8221; header_font_size_phone=&#8221;40px&#8221; header_font_size_last_edited=&#8221;on|phone&#8221; locked=&#8221;off&#8221; global_colors_info=&#8221;{}&#8221;]<\/p>\n<h1>Theater Equipment<\/h1>\n<p>[\/et_pb_text][dipi_breadcrumbs bc_home_icon=&#8221;on&#8221; bc_home_color=&#8221;#ff4200&#8243; bc_items_alignment=&#8221;dipi-bc-center&#8221; bc_separator_size=&#8221;20px&#8221; bc_separator_color=&#8221;#ffffff&#8221; bc_separator_space=&#8221;0px&#8221; bc_item_bg_color=&#8221;#ffffff&#8221; bc_item_padding=&#8221;7px|18px|7px|18px|true|true&#8221; bc_active_item_color=&#8221;#15022a&#8221; bc_active_item_padding=&#8221;8px|20px|8px|20px|true|false&#8221; bc_hover_item_bg_color=&#8221;#ff4200&#8243; disabled_on=&#8221;on|off|off&#8221; _builder_version=&#8221;4.17.6&#8243; items_font=&#8221;Poppins|600|||||||&#8221; items_text_color=&#8221;#15022a&#8221; hover_text_color=&#8221;#ffffff&#8221; active_font=&#8221;Poppins|600|||||||&#8221; active_text_color=&#8221;#ffffff&#8221; width=&#8221;100%&#8221; max_width=&#8221;1100px&#8221; module_alignment=&#8221;left&#8221; custom_margin=&#8221;40px||20px||false|false&#8221; custom_margin_tablet=&#8221;25px|0px|-25px|0px|false|false&#8221; custom_margin_phone=&#8221;25px|0px|-25px|0px|false|false&#8221; custom_margin_last_edited=&#8221;on|phone&#8221; custom_padding=&#8221;|||30px|false|false&#8221; custom_padding_tablet=&#8221;|||30px|false|false&#8221; custom_padding_phone=&#8221;|||0px|false|false&#8221; custom_padding_last_edited=&#8221;on|phone&#8221; active_font_size_tablet=&#8221;12px&#8221; active_font_size_phone=&#8221;12px&#8221; active_font_size_last_edited=&#8221;on|phone&#8221; border_radii_items=&#8221;on|100px|100px|100px|100px&#8221; border_radii_active=&#8221;on|100px|100px|100px|100px&#8221; box_shadow_style_items=&#8221;preset1&#8243; box_shadow_style_hover=&#8221;preset3&#8243; box_shadow_style_active=&#8221;preset1&#8243; locked=&#8221;off&#8221; global_colors_info=&#8221;{}&#8221;][\/dipi_breadcrumbs][\/et_pb_column][\/et_pb_row][\/et_pb_section][et_pb_section fb_built=&#8221;1&#8243; _builder_version=&#8221;4.16&#8243; _module_preset=&#8221;default&#8221; custom_padding=&#8221;40px||18px|||&#8221; locked=&#8221;off&#8221; global_colors_info=&#8221;{}&#8221;][et_pb_row column_structure=&#8221;1_3,2_3&#8243; _builder_version=&#8221;4.17.6&#8243; _module_preset=&#8221;default&#8221; max_width=&#8221;1200px&#8221; custom_margin=&#8221;|auto|65px|auto|false|false&#8221; custom_padding=&#8221;||0px||false|false&#8221; locked=&#8221;off&#8221; global_colors_info=&#8221;{}&#8221;][et_pb_column type=&#8221;1_3&#8243; _builder_version=&#8221;4.17.6&#8243; _module_preset=&#8221;default&#8221; global_colors_info=&#8221;{}&#8221;][dipi_button_grid flex_wrap=&#8221;off&#8221; flex_direction_tablet=&#8221;column&#8221; flex_direction_last_edited=&#8221;off|tablet&#8221; flex_wrap_tablet=&#8221;off&#8221; flex_wrap_last_edited=&#8221;off|tablet&#8221; _builder_version=&#8221;4.17.6&#8243; _module_preset=&#8221;default&#8221; custom_padding=&#8221;0px||||false|false&#8221; locked=&#8221;off&#8221; global_colors_info=&#8221;{}&#8221;][dipi_button_grid_child button_id=&#8221;01_OPRAWY O\u015aWIETLENIA SCENY&#8221; button_type=&#8221;button&#8221; button_text=&#8221;OPRAWY O\u015aWIETLENIA SCENY&#8221; button_link=&#8221;\/wyposazenie\/oprawy-oswietlenia-sceny\/&#8221; _builder_version=&#8221;4.17.6&#8243; _module_preset=&#8221;default&#8221; custom_button=&#8221;on&#8221; button_text_size=&#8221;14px&#8221; button_text_color=&#8221;#000000&#8243; button_bg_color=&#8221;#efefef&#8221; button_border_width=&#8221;0px&#8221; button_border_color=&#8221;#7D8AA1&#8243; button_border_radius=&#8221;0px&#8221; button_letter_spacing=&#8221;1px&#8221; button_font=&#8221;|600||on|||||&#8221; button_use_icon=&#8221;on&#8221; button_icon=&#8221;&#x24;||divi||400&#8243; button_on_hover=&#8221;on&#8221; button_custom_padding=&#8221;15px||15px||true|true&#8221; custom_margin=&#8221;||0px||false|false&#8221; custom_css_main_element=&#8221;width: 100% !important;&#8221; custom_css_button_type=&#8221;width: 100% !important;||text-align: center;&#8221; border_radii=&#8221;on|140px|140px|140px|140px&#8221; border_color_all=&#8221;#d2d2d2&#8243; button_text_shadow_style=&#8221;preset2&#8243; button_text_shadow_color=&#8221;rgba(0,0,0,0.1)&#8221; global_colors_info=&#8221;{}&#8221; box_shadow_horizontal_button__hover_enabled=&#8221;on|hover&#8221; box_shadow_horizontal_button__hover=&#8221;&#8221; button_bg_color__hover_enabled=&#8221;on|hover&#8221; button_bg_color__hover=&#8221;#00357a&#8221; button_bg_enable_color__hover=&#8221;on&#8221; button_text_color__hover_enabled=&#8221;on|desktop&#8221; button_text_color__hover=&#8221;#FFFFFF&#8221; button_border_color__hover_enabled=&#8221;on|hover&#8221; button_border_color__hover=&#8221;RGBA(255,255,255,0)&#8221;][\/dipi_button_grid_child][dipi_button_grid_child button_id=&#8221;02_PULPITY STEROWANICZE&#8221; button_type=&#8221;button&#8221; button_text=&#8221;PULPITY STEROWANICZE&#8221; button_link=&#8221;\/wyposazenie\/pulpity-sterowanicze\/&#8221; _builder_version=&#8221;4.17.6&#8243; _module_preset=&#8221;default&#8221; custom_button=&#8221;on&#8221; button_text_size=&#8221;14px&#8221; button_text_color=&#8221;#000000&#8243; button_bg_color=&#8221;#efefef&#8221; button_border_width=&#8221;0px&#8221; button_border_color=&#8221;#7D8AA1&#8243; button_border_radius=&#8221;0px&#8221; button_letter_spacing=&#8221;1px&#8221; button_font=&#8221;|600||on|||||&#8221; button_use_icon=&#8221;on&#8221; button_icon=&#8221;&#x24;||divi||400&#8243; button_on_hover=&#8221;on&#8221; button_custom_padding=&#8221;15px||15px||true|true&#8221; custom_margin=&#8221;||0px||false|false&#8221; custom_css_main_element=&#8221;width: 100% !important;&#8221; custom_css_button_type=&#8221;width: 100% !important;||text-align: center;&#8221; border_radii=&#8221;on|140px|140px|140px|140px&#8221; border_color_all=&#8221;#d2d2d2&#8243; button_text_shadow_style=&#8221;preset2&#8243; button_text_shadow_color=&#8221;rgba(0,0,0,0.1)&#8221; global_colors_info=&#8221;{}&#8221; box_shadow_horizontal_button__hover_enabled=&#8221;on|hover&#8221; box_shadow_horizontal_button__hover=&#8221;&#8221; button_bg_color__hover_enabled=&#8221;on|hover&#8221; button_bg_color__hover=&#8221;#00357a&#8221; button_bg_enable_color__hover=&#8221;on&#8221; button_text_color__hover_enabled=&#8221;on|desktop&#8221; button_text_color__hover=&#8221;#FFFFFF&#8221; button_border_color__hover_enabled=&#8221;on|hover&#8221; button_border_color__hover=&#8221;RGBA(255,255,255,0)&#8221;][\/dipi_button_grid_child][dipi_button_grid_child button_id=&#8221;03_OPROGRAMOWANIE&#8221; button_type=&#8221;button&#8221; button_text=&#8221;OPROGRAMOWANIE&#8221; button_link=&#8221;\/wyposazenie\/oprogramowanie\/&#8221; _builder_version=&#8221;4.17.6&#8243; _module_preset=&#8221;default&#8221; custom_button=&#8221;on&#8221; button_text_size=&#8221;14px&#8221; button_text_color=&#8221;#000000&#8243; button_bg_color=&#8221;#efefef&#8221; button_border_width=&#8221;0px&#8221; button_border_color=&#8221;#7D8AA1&#8243; button_border_radius=&#8221;0px&#8221; button_letter_spacing=&#8221;1px&#8221; button_font=&#8221;|600||on|||||&#8221; button_use_icon=&#8221;on&#8221; button_icon=&#8221;&#x24;||divi||400&#8243; button_on_hover=&#8221;on&#8221; button_custom_padding=&#8221;15px||15px||true|true&#8221; custom_margin=&#8221;||0px||false|false&#8221; custom_css_main_element=&#8221;width: 100% !important;&#8221; custom_css_button_type=&#8221;width: 100% !important;||text-align: center;&#8221; border_radii=&#8221;on|140px|140px|140px|140px&#8221; border_color_all=&#8221;#d2d2d2&#8243; button_text_shadow_style=&#8221;preset2&#8243; button_text_shadow_color=&#8221;rgba(0,0,0,0.1)&#8221; global_colors_info=&#8221;{}&#8221; box_shadow_horizontal_button__hover_enabled=&#8221;on|hover&#8221; box_shadow_horizontal_button__hover=&#8221;&#8221; button_bg_color__hover_enabled=&#8221;on|hover&#8221; button_bg_color__hover=&#8221;#00357a&#8221; button_bg_enable_color__hover=&#8221;on&#8221; button_text_color__hover_enabled=&#8221;on|desktop&#8221; button_text_color__hover=&#8221;#FFFFFF&#8221; button_border_color__hover_enabled=&#8221;on|hover&#8221; button_border_color__hover=&#8221;RGBA(255,255,255,0)&#8221;][\/dipi_button_grid_child][dipi_button_grid_child button_id=&#8221;== Wyposa\u017cenie ==&#8221; button_type=&#8221;button&#8221; button_text=&#8221;Wyposa\u017cenie&#8221; button_link=&#8221;\/wyposazenie\/&#8221; _builder_version=&#8221;4.17.6&#8243; _module_preset=&#8221;default&#8221; background_color=&#8221;RGBA(255,255,255,0)&#8221; background_enable_color=&#8221;on&#8221; custom_button=&#8221;on&#8221; button_text_size=&#8221;14px&#8221; button_text_color=&#8221;#FFFFFF&#8221; button_bg_color=&#8221;#FF5202&#8243; button_border_width=&#8221;0px&#8221; button_border_color=&#8221;#7D8AA1&#8243; button_border_radius=&#8221;0px&#8221; button_letter_spacing=&#8221;3px&#8221; button_font=&#8221;Poppins|600||on|||||&#8221; button_use_icon=&#8221;on&#8221; button_icon=&#8221;&#x49;||divi||400&#8243; button_custom_padding=&#8221;15px||15px||true|true&#8221; custom_margin=&#8221;||0px||false|false&#8221; custom_css_main_element=&#8221;width: 100% !important;&#8221; custom_css_button_type=&#8221;width: 100% !important;||text-align: center;&#8221; border_radii=&#8221;on|140px|140px|140px|140px&#8221; border_color_all=&#8221;#d2d2d2&#8243; button_text_shadow_style=&#8221;preset2&#8243; button_text_shadow_color=&#8221;rgba(0,0,0,0.1)&#8221; global_colors_info=&#8221;{}&#8221; box_shadow_horizontal_button__hover_enabled=&#8221;on|hover&#8221; box_shadow_horizontal_button__hover=&#8221;&#8221; button_bg_color__hover_enabled=&#8221;on|hover&#8221; button_bg_color__hover=&#8221;#00357a&#8221; button_bg_enable_color__hover=&#8221;on&#8221; button_text_color__hover_enabled=&#8221;on|desktop&#8221; button_text_color__hover=&#8221;#FFFFFF&#8221; button_border_color__hover_enabled=&#8221;on|hover&#8221; button_border_color__hover=&#8221;RGBA(255,255,255,0)&#8221;][\/dipi_button_grid_child][dipi_button_grid_child button_id=&#8221;05_\u0179R\u00d3D\u0141A  \u015aWIAT\u0141A&#8221; button_type=&#8221;button&#8221; button_text=&#8221;\u0179R\u00d3D\u0141A  \u015aWIAT\u0141A&#8221; button_link=&#8221;\/wyposazenie\/zrodla-swiatla\/&#8221; _builder_version=&#8221;4.17.6&#8243; _module_preset=&#8221;default&#8221; custom_button=&#8221;on&#8221; button_text_size=&#8221;14px&#8221; button_text_color=&#8221;#000000&#8243; button_bg_color=&#8221;#efefef&#8221; button_border_width=&#8221;0px&#8221; button_border_color=&#8221;#7D8AA1&#8243; button_border_radius=&#8221;0px&#8221; button_letter_spacing=&#8221;1px&#8221; button_font=&#8221;|600||on|||||&#8221; button_use_icon=&#8221;on&#8221; button_icon=&#8221;&#x24;||divi||400&#8243; button_on_hover=&#8221;on&#8221; button_custom_padding=&#8221;15px||15px||true|true&#8221; custom_margin=&#8221;||0px||false|false&#8221; custom_css_main_element=&#8221;width: 100% !important;&#8221; custom_css_button_type=&#8221;width: 100% !important;||text-align: center;&#8221; border_radii=&#8221;on|140px|140px|140px|140px&#8221; border_color_all=&#8221;#d2d2d2&#8243; button_text_shadow_style=&#8221;preset2&#8243; button_text_shadow_color=&#8221;rgba(0,0,0,0.1)&#8221; global_colors_info=&#8221;{}&#8221; box_shadow_horizontal_button__hover_enabled=&#8221;on|hover&#8221; box_shadow_horizontal_button__hover=&#8221;&#8221; button_bg_color__hover_enabled=&#8221;on|hover&#8221; button_bg_color__hover=&#8221;#00357a&#8221; button_bg_enable_color__hover=&#8221;on&#8221; button_text_color__hover_enabled=&#8221;on|desktop&#8221; button_text_color__hover=&#8221;#FFFFFF&#8221; button_border_color__hover_enabled=&#8221;on|hover&#8221; button_border_color__hover=&#8221;RGBA(255,255,255,0)&#8221;][\/dipi_button_grid_child][\/dipi_button_grid][dipi_flip_box front_title=&#8221;Wyposa\u017cenie teatralne&#8221; front_image=&#8221;https:\/\/oto-teatr.tv\/wp-content\/uploads\/2022\/07\/oto-teatr-vit.svg&#8221; front_image_width=&#8221;90px&#8221; front_content=&#8221;<\/p>\n<p>Design And Service Company<br \/>Here&#039;s Tomasz Ostrowski<\/p>\n<p>+48 601 236 825<br \/>+48 22 853 58 55<br \/>02-787 Warsaw, ul. Arkadova 3<\/p>\n<p>&#8221; back_image=&#8221;https:\/\/oto-teatr.tv\/wp-content\/uploads\/2022\/07\/oto-teatr-vit.svg&#8221; back_image_width=&#8221;90px&#8221; back_content=&#8221;<\/p>\n<p>ADMIRAL STAGING<br \/>AVOLITES<br \/>CAST SOFTWARE<br \/>L8<br \/>OSRAM<br \/>PROLIGHT<br \/>ROBE<\/p>\n<p>&#8221; use_force_square=&#8221;on&#8221; front_side_bg_color=&#8221;#00357a&#8221; back_side_bg_color=&#8221;#FE5E15&#8243; front_image_width_tablet=&#8221;90px&#8221; front_image_width_phone=&#8221;90px&#8221; front_image_width_last_edited=&#8221;on|tablet&#8221; back_image_width_tablet=&#8221;90px&#8221; back_image_width_phone=&#8221;90px&#8221; back_image_width_last_edited=&#8221;on|phone&#8221; admin_label=&#8221;Pixel-Flip-Box_WYPOSAZENIE&#8221; _builder_version=&#8221;4.17.6&#8243; _module_preset=&#8221;default&#8221; front_title_font=&#8221;|600|||||||&#8221; front_title_text_color=&#8221;#FFFFFF&#8221; front_title_font_size=&#8221;21px&#8221; front_title_letter_spacing=&#8221;2px&#8221; front_title_line_height=&#8221;1em&#8221; front_desc_text_color=&#8221;#F5F5F5&#8243; front_desc_font_size=&#8221;14px&#8221; front_desc_line_height=&#8221;1.5em&#8221; back_title_font=&#8221;|600|||||||&#8221; back_title_text_color=&#8221;#FFFFFF&#8221; back_title_line_height=&#8221;1.3em&#8221; back_desc_font=&#8221;Poppins|700|||||||&#8221; back_desc_text_color=&#8221;#F5F5F5&#8243; back_desc_font_size=&#8221;17px&#8221; back_desc_letter_spacing=&#8221;3px&#8221; back_desc_line_height=&#8221;1.3em&#8221; custom_margin=&#8221;||43px|||&#8221; custom_padding_tablet=&#8221;|120px||120px|false|true&#8221; custom_padding_phone=&#8221;|10px||10px|false|true&#8221; custom_padding_last_edited=&#8221;on|tablet&#8221; front_title_font_size_tablet=&#8221;22px&#8221; front_title_font_size_phone=&#8221;20px&#8221; front_title_font_size_last_edited=&#8221;on|phone&#8221; front_title_letter_spacing_tablet=&#8221;2px&#8221; front_title_letter_spacing_phone=&#8221;2px&#8221; front_title_letter_spacing_last_edited=&#8221;on|tablet&#8221; front_title_line_height_tablet=&#8221;1em&#8221; front_title_line_height_phone=&#8221;0.9em&#8221; front_title_line_height_last_edited=&#8221;on|desktop&#8221; front_desc_line_height_tablet=&#8221;1.5em&#8221; front_desc_line_height_phone=&#8221;1.3em&#8221; front_desc_line_height_last_edited=&#8221;on|desktop&#8221; back_title_font_size_tablet=&#8221;&#8221; back_title_font_size_phone=&#8221;&#8221; back_title_font_size_last_edited=&#8221;on|desktop&#8221; back_title_letter_spacing_tablet=&#8221;&#8221; back_title_letter_spacing_phone=&#8221;&#8221; back_title_letter_spacing_last_edited=&#8221;on|desktop&#8221; back_title_line_height_tablet=&#8221;1.3em&#8221; back_title_line_height_phone=&#8221;1.3em&#8221; back_title_line_height_last_edited=&#8221;on|desktop&#8221; back_desc_font_size_tablet=&#8221;18px&#8221; back_desc_font_size_phone=&#8221;15px&#8221; back_desc_font_size_last_edited=&#8221;on|phone&#8221; back_desc_line_height_tablet=&#8221;1.2em&#8221; back_desc_line_height_phone=&#8221;1.1em&#8221; back_desc_line_height_last_edited=&#8221;on|phone&#8221; locked=&#8221;off&#8221; global_colors_info=&#8221;{}&#8221; overlay_bg_color_gradient_type_tablet=&#8221;linear&#8221; overlay_bg_color_gradient_type_phone=&#8221;linear&#8221; overlay_bg_color_gradient_type__hover=&#8221;linear&#8221; image_bg_color_gradient_type__hover=&#8221;linear&#8221;][\/dipi_flip_box][\/et_pb_column][et_pb_column type=&#8221;2_3&#8243; _builder_version=&#8221;4.16&#8243; _module_preset=&#8221;default&#8221; global_colors_info=&#8221;{}&#8221;][et_pb_text _builder_version=&#8221;4.17.6&#8243; _module_preset=&#8221;default&#8221; header_font=&#8221;Raleway|900|||||||&#8221; header_text_align=&#8221;center&#8221; header_font_size=&#8221;47px&#8221; custom_margin=&#8221;||20px||false|false&#8221; custom_margin_tablet=&#8221;0px||||false|false&#8221; custom_margin_phone=&#8221;0px||||false|false&#8221; custom_margin_last_edited=&#8221;on|phone&#8221; header_font_size_tablet=&#8221;47px&#8221; header_font_size_phone=&#8221;30px&#8221; header_font_size_last_edited=&#8221;on|phone&#8221; header_line_height_tablet=&#8221;&#8221; header_line_height_phone=&#8221;1.2em&#8221; header_line_height_last_edited=&#8221;on|phone&#8221; global_colors_info=&#8221;{}&#8221;]<\/p>\n<h1>Accessories<\/h1>\n<p>[\/et_pb_text][et_pb_accordion closed_toggle_background_color=&#8221;#f2f2f2&#8243; toggle_icon=&#8221;&#x47;||divi||400&#8243; icon_color=&#8221;rgba(0,35,90,0.46)&#8221; use_icon_font_size=&#8221;on&#8221; icon_font_size=&#8221;25px&#8221; disabled_on=&#8221;off|off|off&#8221; module_id=&#8221;myaccordion&#8221; module_class=&#8221;oto-accordion&#8221; _builder_version=&#8221;4.18.0&#8243; _module_preset=&#8221;default&#8221; toggle_text_color=&#8221;#5f687a&#8221; custom_margin=&#8221;||||false|false&#8221; custom_padding=&#8221;||||false|false&#8221; hover_enabled=&#8221;0&#8243; global_colors_info=&#8221;{}&#8221; sticky_enabled=&#8221;0&#8243;][et_pb_accordion_item title=&#8221;SYSTEM MODU\u0141OWEGO PODWIESZANIA DOWNRIGGER &#8211; ADMIRAL STAGING&#8221; open=&#8221;on&#8221; _builder_version=&#8221;4.17.6&#8243; _module_preset=&#8221;default&#8221; body_font_size=&#8221;1.2em&#8221; body_line_height=&#8221;1.5em&#8221; body_font_size_tablet=&#8221;1.2em&#8221; body_font_size_phone=&#8221;1.1em&#8221; body_font_size_last_edited=&#8221;on|phone&#8221; body_line_height_tablet=&#8221;1.5em&#8221; body_line_height_phone=&#8221;1.5em&#8221; body_line_height_last_edited=&#8221;on|desktop&#8221; border_color_all=&#8221;#7D8AA1&#8243; icon_color__hover=&#8221;#FFFFFF&#8221; icon_color__hover_enabled=&#8221;on|hover&#8221; global_colors_info=&#8221;{}&#8221; toggle_level=&#8221;h5&#8243; toggle_font=&#8221;|600|||||||&#8221; toggle_font_size=&#8221;16px&#8221; toggle_letter_spacing=&#8221;1px&#8221; closed_toggle_background_color__hover=&#8221;#00357a&#8221; closed_toggle_background_color__hover_enabled=&#8221;on|hover&#8221; closed_toggle_text_color__hover=&#8221;#FFFFFF&#8221; closed_toggle_text_color__hover_enabled=&#8221;on|hover&#8221;]<\/p>\n[et_pb_section global_module=\"16248423\"][\/et_pb_section]\n<p>Admiral has created a rigging system that gives you the freedom to create.<\/p>\n<p>The product can be installed as a hanging or standing system. There are countless possible configurations to suit your needs.<br \/>Vertical profiles can adjust the height by sliding them apart, while the width is determined by the length of the crossbars used.<\/p>\n<p>You can install any type of lighting from lamps to moving heads and not only control lights in the wings.<\/p>\n<p>The black modular system is made of high-quality aluminum.<\/p>\n<p>Dost\u0119pne rozmiary: 50 x 30cm, 50 x 40cm, 50 x 50cm, 50 x 60cm, 100 x 30cm, 100 x 40cm, 100 x 50cm, 100 x 60cm, 150 x 30cm, 150 x 40cm, 150 x 50cm, 150 x 60cm, 200 x 30cm, 200 x 40cm, 200 x 50cm, 200 x 60cm<\/p>\n<p>&nbsp;<\/p>\n[et_pb_section global_module=\"16248426\"][\/et_pb_section]\n<p>[\/et_pb_accordion_item][\/et_pb_accordion][\/et_pb_column][\/et_pb_row][\/et_pb_section]<\/p>","protected":false},"excerpt":{"rendered":"<p>AKCESORIAWyposa\u017cenie Teatralne<div class=\"et_pb_module dipi_breadcrumbs dipi_breadcrumbs_0\">\n\t\t\t\t\n\t\t\t\t\n\t\t\t\t\n\t\t\t\t\n\t\t\t\t\n\t\t\t\t\n\t\t\t\t<div class=\"et_pb_module_inner\">\n\t\t\t\t\t<div class=\"dipi-breadcrumbs dipi-bc-center\">\n                <ul >\n                    \n                                                        <li  class=\"dipi-breadcrumb-item dipi-breadcrumb-home\">\n\n                                                    <a  href=\"https:\/\/oto-teatr.tv\/en\">\n                                <span  content=\"Home\">\n                                    <span class=\"et-pb-icon dipi-home-icon\"><\/span>                                    OTO-TEATR.TV                                <\/span>\n                            <\/a>\n\n                                                <meta itemprop=\"position\" content=\"1\"\/>                    <\/li>\n\n                    <li class=\"dipi-breadcrumb-separator\">\n                    <span class=\"et-pb-icon dipi-separator-icon\">$<\/span>\n                <\/li>                            \n                <\/ul>\n            <\/div>\n\t\t\t\t<\/div>\n\t\t\t<\/div><div class=\"et_pb_module dipi_button_grid dipi_button_grid_0\">\n\t\t\t\t\n\t\t\t\t\n\t\t\t\t\n\t\t\t\t\n\t\t\t\t\n\t\t\t\t\n\t\t\t\t<div class=\"et_pb_module_inner\">\n\t\t\t\t\t<div class=\"dipi-button-grid-container\">\n                \n            <\/div>\n\t\t\t\t<\/div>\n\t\t\t<\/div><div class=\"et_pb_module dipi_button_grid_child dipi_button_grid_child_0\">\n\t\t\t\t\n\t\t\t\t\n\t\t\t\t\n\t\t\t\t\n\t\t\t\t\n\t\t\t\t\n\t\t\t\t<div class=\"et_pb_module_inner\">\n\t\t\t\t\t<div class=\"dipi-text-grid dipi-text-wrap\"><\/div>\n\t\t\t\t<\/div>\n\t\t\t<\/div><\/p>","protected":false},"author":1,"featured_media":0,"parent":16249292,"menu_order":0,"comment_status":"closed","ping_status":"closed","template":"","meta":{"_et_pb_use_builder":"on","_et_pb_old_content":"","_et_gb_content_width":"","footnotes":""},"dipi_cpt_category":[],"class_list":["post-16248429","page","type-page","status-publish","hentry"],"_links":{"self":[{"href":"https:\/\/oto-teatr.tv\/en\/wp-json\/wp\/v2\/pages\/16248429","targetHints":{"allow":["GET"]}}],"collection":[{"href":"https:\/\/oto-teatr.tv\/en\/wp-json\/wp\/v2\/pages"}],"about":[{"href":"https:\/\/oto-teatr.tv\/en\/wp-json\/wp\/v2\/types\/page"}],"author":[{"embeddable":true,"href":"https:\/\/oto-teatr.tv\/en\/wp-json\/wp\/v2\/users\/1"}],"replies":[{"embeddable":true,"href":"https:\/\/oto-teatr.tv\/en\/wp-json\/wp\/v2\/comments?post=16248429"}],"version-history":[{"count":14,"href":"https:\/\/oto-teatr.tv\/en\/wp-json\/wp\/v2\/pages\/16248429\/revisions"}],"predecessor-version":[{"id":16251022,"href":"https:\/\/oto-teatr.tv\/en\/wp-json\/wp\/v2\/pages\/16248429\/revisions\/16251022"}],"up":[{"embeddable":true,"href":"https:\/\/oto-teatr.tv\/en\/wp-json\/wp\/v2\/pages\/16249292"}],"wp:attachment":[{"href":"https:\/\/oto-teatr.tv\/en\/wp-json\/wp\/v2\/media?parent=16248429"}],"wp:term":[{"taxonomy":"dipi_cpt_category","embeddable":true,"href":"https:\/\/oto-teatr.tv\/en\/wp-json\/wp\/v2\/dipi_cpt_category?post=16248429"}],"curies":[{"name":"wp","href":"https:\/\/api.w.org\/{rel}","templated":true}]}}